{"id":16,"date":"2016-08-31T09:09:50","date_gmt":"2016-08-31T09:09:50","guid":{"rendered":"http:\/\/jatkuvavarmenteinenturvasysteemi.fi\/?page_id=16"},"modified":"2017-03-20T14:44:06","modified_gmt":"2017-03-20T13:44:06","slug":"saferoller-kontinuerlig-sikringssystem","status":"publish","type":"page","link":"https:\/\/kontinuerligsikringssystem.com\/index.php\/saferoller-kontinuerlig-sikringssystem\/","title":{"rendered":"Saferoller\u00ae"},"content":{"rendered":"<h3>DU ER I FARTA MED SAFEROLLER<sup>\u00ae<\/sup> \/\/ KONTINUERLIG SIKRINGSSYSTEM<\/h3>\n<p><a href=\"http:\/\/www.kanopeo.com\/en\/continuous-belay-system\/saferoller\/index.php\">Saferoller\u00ae<\/a> er rull-p\u00e5 \/ rull-av <a href=\"http:\/\/www.kanopeo.com\/en\/continuous-belay-system\/index.php\">kontinuerlig sikringssystem<\/a> med integrert l\u00f8pekatt i sveitsisk design, som sikrer bes\u00f8kende ved utend\u00f8rsaktiviteter som h\u00f8ydel\u00f8yper, hinderl\u00f8yper, <a href=\"http:\/\/kontinuerligsikringssystem.com\/index.php\/opplevelsesparker\/\"><u>opplevelsesparker<\/u><\/a>, trekkingl\u00f8yper, taubaner og mange andre aktiviteter for barn og voksne.<\/p>\n\n\t\t<style type=\"text\/css\">\n\t\t\t#gallery-1 {\n\t\t\t\tmargin: auto;\n\t\t\t}\n\t\t\t#gallery-1 .gallery-item {\n\t\t\t\tfloat: left;\n\t\t\t\tmargin-top: 10px;\n\t\t\t\ttext-align: center;\n\t\t\t\twidth: 33%;\n\t\t\t}\n\t\t\t#gallery-1 img {\n\t\t\t\tborder: 2px solid #cfcfcf;\n\t\t\t}\n\t\t\t#gallery-1 .gallery-caption {\n\t\t\t\tmargin-left: 0;\n\t\t\t}\n\t\t\t\/* see gallery_shortcode() in wp-includes\/media.php *\/\n\t\t<\/style>\n\t\t<div id='gallery-1' class='gallery galleryid-16 gallery-columns-3 gallery-size-medium'><dl class='gallery-item'>\n\t\t\t<dt class='gallery-icon landscape'>\n\t\t\t\t<a href='https:\/\/kontinuerligsikringssystem.com\/wp-content\/uploads\/2016\/08\/Kanopeo-continuous-belay-system-saferoller-klimpark-biesbosch-high-ropes-course-kids.jpg'><img loading=\"lazy\" decoding=\"async\" width=\"300\" height=\"197\" src=\"https:\/\/kontinuerligsikringssystem.com\/wp-content\/uploads\/2016\/08\/Kanopeo-continuous-belay-system-saferoller-klimpark-biesbosch-high-ropes-course-kids-300x197.jpg\" class=\"attachment-medium size-medium\" alt=\"\" srcset=\"https:\/\/kontinuerligsikringssystem.com\/wp-content\/uploads\/2016\/08\/Kanopeo-continuous-belay-system-saferoller-klimpark-biesbosch-high-ropes-course-kids-300x197.jpg 300w, https:\/\/kontinuerligsikringssystem.com\/wp-content\/uploads\/2016\/08\/Kanopeo-continuous-belay-system-saferoller-klimpark-biesbosch-high-ropes-course-kids.jpg 497w\" sizes=\"auto, (max-width: 300px) 100vw, 300px\" \/><\/a>\n\t\t\t<\/dt><\/dl><dl class='gallery-item'>\n\t\t\t<dt class='gallery-icon landscape'>\n\t\t\t\t<a href='https:\/\/kontinuerligsikringssystem.com\/wp-content\/uploads\/2016\/08\/Kanopeo-continuous-belay-system-saferoller-integrated-trolley-mono-clamp.jpg'><img loading=\"lazy\" decoding=\"async\" width=\"300\" height=\"200\" src=\"https:\/\/kontinuerligsikringssystem.com\/wp-content\/uploads\/2016\/08\/Kanopeo-continuous-belay-system-saferoller-integrated-trolley-mono-clamp-300x200.jpg\" class=\"attachment-medium size-medium\" alt=\"\" srcset=\"https:\/\/kontinuerligsikringssystem.com\/wp-content\/uploads\/2016\/08\/Kanopeo-continuous-belay-system-saferoller-integrated-trolley-mono-clamp-300x200.jpg 300w, https:\/\/kontinuerligsikringssystem.com\/wp-content\/uploads\/2016\/08\/Kanopeo-continuous-belay-system-saferoller-integrated-trolley-mono-clamp-768x512.jpg 768w, https:\/\/kontinuerligsikringssystem.com\/wp-content\/uploads\/2016\/08\/Kanopeo-continuous-belay-system-saferoller-integrated-trolley-mono-clamp-1024x682.jpg 1024w, https:\/\/kontinuerligsikringssystem.com\/wp-content\/uploads\/2016\/08\/Kanopeo-continuous-belay-system-saferoller-integrated-trolley-mono-clamp-1200x800.jpg 1200w, https:\/\/kontinuerligsikringssystem.com\/wp-content\/uploads\/2016\/08\/Kanopeo-continuous-belay-system-saferoller-integrated-trolley-mono-clamp.jpg 1244w\" sizes=\"auto, (max-width: 300px) 100vw, 300px\" \/><\/a>\n\t\t\t<\/dt><\/dl><dl class='gallery-item'>\n\t\t\t<dt class='gallery-icon landscape'>\n\t\t\t\t<a href='https:\/\/kontinuerligsikringssystem.com\/wp-content\/uploads\/2016\/08\/Kanopeo-continuous-belay-system-saferoller-integrated-trolley-klimpark-biesbosch.jpg'><img loading=\"lazy\" decoding=\"async\" width=\"300\" height=\"197\" src=\"https:\/\/kontinuerligsikringssystem.com\/wp-content\/uploads\/2016\/08\/Kanopeo-continuous-belay-system-saferoller-integrated-trolley-klimpark-biesbosch-300x197.jpg\" class=\"attachment-medium size-medium\" alt=\"\" srcset=\"https:\/\/kontinuerligsikringssystem.com\/wp-content\/uploads\/2016\/08\/Kanopeo-continuous-belay-system-saferoller-integrated-trolley-klimpark-biesbosch-300x197.jpg 300w, https:\/\/kontinuerligsikringssystem.com\/wp-content\/uploads\/2016\/08\/Kanopeo-continuous-belay-system-saferoller-integrated-trolley-klimpark-biesbosch.jpg 497w\" sizes=\"auto, (max-width: 300px) 100vw, 300px\" \/><\/a>\n\t\t\t<\/dt><\/dl><br style=\"clear: both\" \/><dl class='gallery-item'>\n\t\t\t<dt class='gallery-icon landscape'>\n\t\t\t\t<a href='https:\/\/kontinuerligsikringssystem.com\/wp-content\/uploads\/2016\/08\/Kanopeo-continuous-belay-system-saferoller-integrated-trolley-forest-park.jpg'><img loading=\"lazy\" decoding=\"async\" width=\"300\" height=\"200\" src=\"https:\/\/kontinuerligsikringssystem.com\/wp-content\/uploads\/2016\/08\/Kanopeo-continuous-belay-system-saferoller-integrated-trolley-forest-park-300x200.jpg\" class=\"attachment-medium size-medium\" alt=\"\" srcset=\"https:\/\/kontinuerligsikringssystem.com\/wp-content\/uploads\/2016\/08\/Kanopeo-continuous-belay-system-saferoller-integrated-trolley-forest-park-300x200.jpg 300w, https:\/\/kontinuerligsikringssystem.com\/wp-content\/uploads\/2016\/08\/Kanopeo-continuous-belay-system-saferoller-integrated-trolley-forest-park-768x512.jpg 768w, https:\/\/kontinuerligsikringssystem.com\/wp-content\/uploads\/2016\/08\/Kanopeo-continuous-belay-system-saferoller-integrated-trolley-forest-park-1024x682.jpg 1024w, https:\/\/kontinuerligsikringssystem.com\/wp-content\/uploads\/2016\/08\/Kanopeo-continuous-belay-system-saferoller-integrated-trolley-forest-park-1200x800.jpg 1200w, https:\/\/kontinuerligsikringssystem.com\/wp-content\/uploads\/2016\/08\/Kanopeo-continuous-belay-system-saferoller-integrated-trolley-forest-park.jpg 1244w\" sizes=\"auto, (max-width: 300px) 100vw, 300px\" \/><\/a>\n\t\t\t<\/dt><\/dl><dl class='gallery-item'>\n\t\t\t<dt class='gallery-icon landscape'>\n\t\t\t\t<a href='https:\/\/kontinuerligsikringssystem.com\/wp-content\/uploads\/2016\/08\/Kanopeo-continuous-belay-system-saferoller-klimpark-biesbosch-climbingpark.jpg'><img loading=\"lazy\" decoding=\"async\" width=\"300\" height=\"197\" src=\"https:\/\/kontinuerligsikringssystem.com\/wp-content\/uploads\/2016\/08\/Kanopeo-continuous-belay-system-saferoller-klimpark-biesbosch-climbingpark-300x197.jpg\" class=\"attachment-medium size-medium\" alt=\"\" srcset=\"https:\/\/kontinuerligsikringssystem.com\/wp-content\/uploads\/2016\/08\/Kanopeo-continuous-belay-system-saferoller-klimpark-biesbosch-climbingpark-300x197.jpg 300w, https:\/\/kontinuerligsikringssystem.com\/wp-content\/uploads\/2016\/08\/Kanopeo-continuous-belay-system-saferoller-klimpark-biesbosch-climbingpark.jpg 497w\" sizes=\"auto, (max-width: 300px) 100vw, 300px\" \/><\/a>\n\t\t\t<\/dt><\/dl><dl class='gallery-item'>\n\t\t\t<dt class='gallery-icon landscape'>\n\t\t\t\t<a href='https:\/\/kontinuerligsikringssystem.com\/wp-content\/uploads\/2016\/08\/Kanopeo-continuous-belay-system-saferoller-bracket-mono-clamp1.jpg'><img loading=\"lazy\" decoding=\"async\" width=\"300\" height=\"200\" src=\"https:\/\/kontinuerligsikringssystem.com\/wp-content\/uploads\/2016\/08\/Kanopeo-continuous-belay-system-saferoller-bracket-mono-clamp1-300x200.jpg\" class=\"attachment-medium size-medium\" alt=\"\" srcset=\"https:\/\/kontinuerligsikringssystem.com\/wp-content\/uploads\/2016\/08\/Kanopeo-continuous-belay-system-saferoller-bracket-mono-clamp1-300x200.jpg 300w, https:\/\/kontinuerligsikringssystem.com\/wp-content\/uploads\/2016\/08\/Kanopeo-continuous-belay-system-saferoller-bracket-mono-clamp1-768x512.jpg 768w, https:\/\/kontinuerligsikringssystem.com\/wp-content\/uploads\/2016\/08\/Kanopeo-continuous-belay-system-saferoller-bracket-mono-clamp1-1024x682.jpg 1024w, https:\/\/kontinuerligsikringssystem.com\/wp-content\/uploads\/2016\/08\/Kanopeo-continuous-belay-system-saferoller-bracket-mono-clamp1-1200x800.jpg 1200w, https:\/\/kontinuerligsikringssystem.com\/wp-content\/uploads\/2016\/08\/Kanopeo-continuous-belay-system-saferoller-bracket-mono-clamp1.jpg 1244w\" sizes=\"auto, (max-width: 300px) 100vw, 300px\" \/><\/a>\n\t\t\t<\/dt><\/dl><br style=\"clear: both\" \/><dl class='gallery-item'>\n\t\t\t<dt class='gallery-icon landscape'>\n\t\t\t\t<a href='https:\/\/kontinuerligsikringssystem.com\/wp-content\/uploads\/2016\/08\/Kanopeo-continuous-belay-system-saferoller-klimpark-biesbosch-zipline.jpg'><img loading=\"lazy\" decoding=\"async\" width=\"300\" height=\"200\" src=\"https:\/\/kontinuerligsikringssystem.com\/wp-content\/uploads\/2016\/08\/Kanopeo-continuous-belay-system-saferoller-klimpark-biesbosch-zipline-300x200.jpg\" class=\"attachment-medium size-medium\" alt=\"\" srcset=\"https:\/\/kontinuerligsikringssystem.com\/wp-content\/uploads\/2016\/08\/Kanopeo-continuous-belay-system-saferoller-klimpark-biesbosch-zipline-300x200.jpg 300w, https:\/\/kontinuerligsikringssystem.com\/wp-content\/uploads\/2016\/08\/Kanopeo-continuous-belay-system-saferoller-klimpark-biesbosch-zipline-768x512.jpg 768w, https:\/\/kontinuerligsikringssystem.com\/wp-content\/uploads\/2016\/08\/Kanopeo-continuous-belay-system-saferoller-klimpark-biesbosch-zipline-1024x683.jpg 1024w, https:\/\/kontinuerligsikringssystem.com\/wp-content\/uploads\/2016\/08\/Kanopeo-continuous-belay-system-saferoller-klimpark-biesbosch-zipline-1200x800.jpg 1200w, https:\/\/kontinuerligsikringssystem.com\/wp-content\/uploads\/2016\/08\/Kanopeo-continuous-belay-system-saferoller-klimpark-biesbosch-zipline.jpg 2048w\" sizes=\"auto, (max-width: 300px) 100vw, 300px\" \/><\/a>\n\t\t\t<\/dt><\/dl><dl class='gallery-item'>\n\t\t\t<dt class='gallery-icon landscape'>\n\t\t\t\t<a href='https:\/\/kontinuerligsikringssystem.com\/wp-content\/uploads\/2016\/08\/Kanopeo-continuous-belay-system-saferoller-integrated-trolley-lifeline-klimpark-biesbosch.jpg'><img loading=\"lazy\" decoding=\"async\" width=\"300\" height=\"200\" src=\"https:\/\/kontinuerligsikringssystem.com\/wp-content\/uploads\/2016\/08\/Kanopeo-continuous-belay-system-saferoller-integrated-trolley-lifeline-klimpark-biesbosch-300x200.jpg\" class=\"attachment-medium size-medium\" alt=\"\" srcset=\"https:\/\/kontinuerligsikringssystem.com\/wp-content\/uploads\/2016\/08\/Kanopeo-continuous-belay-system-saferoller-integrated-trolley-lifeline-klimpark-biesbosch-300x200.jpg 300w, https:\/\/kontinuerligsikringssystem.com\/wp-content\/uploads\/2016\/08\/Kanopeo-continuous-belay-system-saferoller-integrated-trolley-lifeline-klimpark-biesbosch-768x512.jpg 768w, https:\/\/kontinuerligsikringssystem.com\/wp-content\/uploads\/2016\/08\/Kanopeo-continuous-belay-system-saferoller-integrated-trolley-lifeline-klimpark-biesbosch-1024x682.jpg 1024w, https:\/\/kontinuerligsikringssystem.com\/wp-content\/uploads\/2016\/08\/Kanopeo-continuous-belay-system-saferoller-integrated-trolley-lifeline-klimpark-biesbosch.jpg 1199w\" sizes=\"auto, (max-width: 300px) 100vw, 300px\" \/><\/a>\n\t\t\t<\/dt><\/dl><dl class='gallery-item'>\n\t\t\t<dt class='gallery-icon landscape'>\n\t\t\t\t<a href='https:\/\/kontinuerligsikringssystem.com\/wp-content\/uploads\/2016\/08\/Kanopeo-continuous-belay-system-saferoller-integrated-trolley-climbing-park.jpg'><img loading=\"lazy\" decoding=\"async\" width=\"300\" height=\"200\" src=\"https:\/\/kontinuerligsikringssystem.com\/wp-content\/uploads\/2016\/08\/Kanopeo-continuous-belay-system-saferoller-integrated-trolley-climbing-park-300x200.jpg\" class=\"attachment-medium size-medium\" alt=\"\" srcset=\"https:\/\/kontinuerligsikringssystem.com\/wp-content\/uploads\/2016\/08\/Kanopeo-continuous-belay-system-saferoller-integrated-trolley-climbing-park-300x200.jpg 300w, https:\/\/kontinuerligsikringssystem.com\/wp-content\/uploads\/2016\/08\/Kanopeo-continuous-belay-system-saferoller-integrated-trolley-climbing-park-768x512.jpg 768w, https:\/\/kontinuerligsikringssystem.com\/wp-content\/uploads\/2016\/08\/Kanopeo-continuous-belay-system-saferoller-integrated-trolley-climbing-park-1024x683.jpg 1024w, https:\/\/kontinuerligsikringssystem.com\/wp-content\/uploads\/2016\/08\/Kanopeo-continuous-belay-system-saferoller-integrated-trolley-climbing-park-1200x800.jpg 1200w, https:\/\/kontinuerligsikringssystem.com\/wp-content\/uploads\/2016\/08\/Kanopeo-continuous-belay-system-saferoller-integrated-trolley-climbing-park.jpg 1227w\" sizes=\"auto, (max-width: 300px) 100vw, 300px\" \/><\/a>\n\t\t\t<\/dt><\/dl><br style=\"clear: both\" \/><dl class='gallery-item'>\n\t\t\t<dt class='gallery-icon landscape'>\n\t\t\t\t<a href='https:\/\/kontinuerligsikringssystem.com\/wp-content\/uploads\/2016\/08\/Kanopeo-continuous-belay-system-saferoller-iintegrated-trolley-climbing-park.jpg'><img loading=\"lazy\" decoding=\"async\" width=\"300\" height=\"197\" src=\"https:\/\/kontinuerligsikringssystem.com\/wp-content\/uploads\/2016\/08\/Kanopeo-continuous-belay-system-saferoller-iintegrated-trolley-climbing-park-300x197.jpg\" class=\"attachment-medium size-medium\" alt=\"\" srcset=\"https:\/\/kontinuerligsikringssystem.com\/wp-content\/uploads\/2016\/08\/Kanopeo-continuous-belay-system-saferoller-iintegrated-trolley-climbing-park-300x197.jpg 300w, https:\/\/kontinuerligsikringssystem.com\/wp-content\/uploads\/2016\/08\/Kanopeo-continuous-belay-system-saferoller-iintegrated-trolley-climbing-park.jpg 497w\" sizes=\"auto, (max-width: 300px) 100vw, 300px\" \/><\/a>\n\t\t\t<\/dt><\/dl><dl class='gallery-item'>\n\t\t\t<dt class='gallery-icon landscape'>\n\t\t\t\t<a href='https:\/\/kontinuerligsikringssystem.com\/wp-content\/uploads\/2016\/08\/Kanopeo-continuous-belay-system-saferoller-klimpark-biesbosch-high-ropes-course.jpg'><img loading=\"lazy\" decoding=\"async\" width=\"300\" height=\"200\" src=\"https:\/\/kontinuerligsikringssystem.com\/wp-content\/uploads\/2016\/08\/Kanopeo-continuous-belay-system-saferoller-klimpark-biesbosch-high-ropes-course-300x200.jpg\" class=\"attachment-medium size-medium\" alt=\"\" srcset=\"https:\/\/kontinuerligsikringssystem.com\/wp-content\/uploads\/2016\/08\/Kanopeo-continuous-belay-system-saferoller-klimpark-biesbosch-high-ropes-course-300x200.jpg 300w, https:\/\/kontinuerligsikringssystem.com\/wp-content\/uploads\/2016\/08\/Kanopeo-continuous-belay-system-saferoller-klimpark-biesbosch-high-ropes-course-768x512.jpg 768w, https:\/\/kontinuerligsikringssystem.com\/wp-content\/uploads\/2016\/08\/Kanopeo-continuous-belay-system-saferoller-klimpark-biesbosch-high-ropes-course-1024x683.jpg 1024w, https:\/\/kontinuerligsikringssystem.com\/wp-content\/uploads\/2016\/08\/Kanopeo-continuous-belay-system-saferoller-klimpark-biesbosch-high-ropes-course-1200x800.jpg 1200w, https:\/\/kontinuerligsikringssystem.com\/wp-content\/uploads\/2016\/08\/Kanopeo-continuous-belay-system-saferoller-klimpark-biesbosch-high-ropes-course.jpg 2048w\" sizes=\"auto, (max-width: 300px) 100vw, 300px\" \/><\/a>\n\t\t\t<\/dt><\/dl><dl class='gallery-item'>\n\t\t\t<dt class='gallery-icon landscape'>\n\t\t\t\t<a href='https:\/\/kontinuerligsikringssystem.com\/wp-content\/uploads\/2016\/08\/Kanopeo-continuous-belay-system-saferoller-klimpark-biesbosch-adventure-park.jpg'><img loading=\"lazy\" decoding=\"async\" width=\"300\" height=\"200\" src=\"https:\/\/kontinuerligsikringssystem.com\/wp-content\/uploads\/2016\/08\/Kanopeo-continuous-belay-system-saferoller-klimpark-biesbosch-adventure-park-300x200.jpg\" class=\"attachment-medium size-medium\" alt=\"\" srcset=\"https:\/\/kontinuerligsikringssystem.com\/wp-content\/uploads\/2016\/08\/Kanopeo-continuous-belay-system-saferoller-klimpark-biesbosch-adventure-park-300x200.jpg 300w, https:\/\/kontinuerligsikringssystem.com\/wp-content\/uploads\/2016\/08\/Kanopeo-continuous-belay-system-saferoller-klimpark-biesbosch-adventure-park-768x512.jpg 768w, https:\/\/kontinuerligsikringssystem.com\/wp-content\/uploads\/2016\/08\/Kanopeo-continuous-belay-system-saferoller-klimpark-biesbosch-adventure-park-1024x683.jpg 1024w, https:\/\/kontinuerligsikringssystem.com\/wp-content\/uploads\/2016\/08\/Kanopeo-continuous-belay-system-saferoller-klimpark-biesbosch-adventure-park-1200x800.jpg 1200w, https:\/\/kontinuerligsikringssystem.com\/wp-content\/uploads\/2016\/08\/Kanopeo-continuous-belay-system-saferoller-klimpark-biesbosch-adventure-park.jpg 2048w\" sizes=\"auto, (max-width: 300px) 100vw, 300px\" \/><\/a>\n\t\t\t<\/dt><\/dl><br style=\"clear: both\" \/>\n\t\t<\/div>\n\n<p><strong>Fordeler ved <a href=\"http:\/\/www.kanopeo.com\/en\/continuous-belay-system\/saferoller\/range-of-products.php\">Saferoller<\/a>\u00ae kontinuerlig sikringssystem<\/strong><\/p>\n<ul>\n<li>MORO FOR HELE FAMILIEN<br \/>\nSIKRINGSSYSTEM FOR BARN FRA 4 \u00c5R OG OPP<\/li>\n<li>SPENNING FOR ALLE ST\u00d8RRELSER<br \/>\nLIVLINEN KAN INSTALLERES P\u00c5 LAV H\u00d8YDE (1.40-1.60 M) ELLER H\u00d8Y (2.00-2.30 M)<\/li>\n<li>LANGE K\u00d8ER KAN UNNG\u00c5S<br \/>\nENKEL H\u00c5NDTERING AV SYSTEMET<\/li>\n<li>ALT-I-ETT SYSTEM FOR LANGE TAUBANER<br \/>\nKONTINUERLIG SYSTEM MED INTEGRERT L\u00d8PEKATT, PASSENDE TIL TAUBANER P\u00c5 INNTIL 400 METER<\/li>\n<li>BEDRE BEVEGELIGHET OG FLEKSIBILITET, INTEGRET SVIVEL<\/li>\n<li>BRUKERVENNLIG<br \/>\nSAFEROLLER\u00ae L\u00d8PEKATT GIR LETT OG JEVN RULLING<\/li>\n<li>KOMPATIBEL MED SAFEROLLER\u00ae I<\/li>\n<\/ul>\n<p><iframe loading=\"lazy\" title=\"Saferoller continuous belay system: Adventure park Jangalooz in Fa\u017eana Camp Bi-Village (Croatia)\" width=\"629\" height=\"354\" src=\"https:\/\/www.youtube.com\/embed\/JzTXEKFLUnc?feature=oembed\" frameborder=\"0\" allow=\"accelerometer; autoplay; clipboard-write; encrypted-media; gyroscope; picture-in-picture; web-share\" referrerpolicy=\"strict-origin-when-cross-origin\" allowfullscreen><\/iframe><\/p>\n","protected":false},"excerpt":{"rendered":"<p>DU ER I FARTA MED SAFEROLLER\u00ae \/\/ KONTINUERLIG SIKRINGSSYSTEM Saferoller\u00ae er rull-p\u00e5 \/ rull-av kontinuerlig sikringssystem med integrert l\u00f8pekatt i sveitsisk design, som sikrer bes\u00f8kende ved utend\u00f8rsaktiviteter som h\u00f8ydel\u00f8yper, hinderl\u00f8yper, opplevelsesparker, trekkingl\u00f8yper, taubaner og mange andre aktiviteter for barn og voksne. Fordeler ved Saferoller\u00ae kontinuerlig sikringssystem MORO FOR HELE FAMILIEN SIKRINGSSYSTEM FOR BARN FRA 4 [&hellip;]<\/p>\n","protected":false},"author":1,"featured_media":96,"parent":0,"menu_order":0,"comment_status":"closed","ping_status":"closed","template":"","meta":{"footnotes":""},"class_list":["post-16","page","type-page","status-publish","has-post-thumbnail","hentry"],"_links":{"self":[{"href":"https:\/\/kontinuerligsikringssystem.com\/index.php\/wp-json\/wp\/v2\/pages\/16","targetHints":{"allow":["GET"]}}],"collection":[{"href":"https:\/\/kontinuerligsikringssystem.com\/index.php\/wp-json\/wp\/v2\/pages"}],"about":[{"href":"https:\/\/kontinuerligsikringssystem.com\/index.php\/wp-json\/wp\/v2\/types\/page"}],"author":[{"embeddable":true,"href":"https:\/\/kontinuerligsikringssystem.com\/index.php\/wp-json\/wp\/v2\/users\/1"}],"replies":[{"embeddable":true,"href":"https:\/\/kontinuerligsikringssystem.com\/index.php\/wp-json\/wp\/v2\/comments?post=16"}],"version-history":[{"count":15,"href":"https:\/\/kontinuerligsikringssystem.com\/index.php\/wp-json\/wp\/v2\/pages\/16\/revisions"}],"predecessor-version":[{"id":229,"href":"https:\/\/kontinuerligsikringssystem.com\/index.php\/wp-json\/wp\/v2\/pages\/16\/revisions\/229"}],"wp:featuredmedia":[{"embeddable":true,"href":"https:\/\/kontinuerligsikringssystem.com\/index.php\/wp-json\/wp\/v2\/media\/96"}],"wp:attachment":[{"href":"https:\/\/kontinuerligsikringssystem.com\/index.php\/wp-json\/wp\/v2\/media?parent=16"}],"curies":[{"name":"wp","href":"https:\/\/api.w.org\/{rel}","templated":true}]}}