{"id":5,"date":"2016-08-30T16:45:44","date_gmt":"2016-08-30T16:45:44","guid":{"rendered":"http:\/\/jatkuvavarmenteinenturvasysteemi.fi\/?page_id=2"},"modified":"2019-05-01T18:40:34","modified_gmt":"2019-05-01T16:40:34","slug":"sample-page","status":"publish","type":"page","link":"https:\/\/kontinuerligsikringssystem.com\/","title":{"rendered":"Kontinuerlige sikringssystemer"},"content":{"rendered":"<h3>Kontinuerlige sikringssystemer for opplevelsesparker, taubaner og h\u00f8ydel\u00f8yper<\/h3>\n<p>DU ER I FARTA MED SAFEROLLER\u00ae\u00a0\/\/ KONTINUERLIG SIKRINGSSYSTEM (CBS)<\/p>\n<p><a href=\"https:\/\/kontinuerligsikringssystem.com\/index.php\/saferoller-kontinuerlig-sikringssystem\/\"><img loading=\"lazy\" decoding=\"async\" class=\"alignnone wp-image-79 size-large\" src=\"https:\/\/kontinuerligsikringssystem.com\/wp-content\/uploads\/2016\/08\/Kanopeo-continuous-belay-system-saferoller-en-1-1024x300.jpg\" alt=\"kanopeo-continuous-belay-system-saferoller-en\" width=\"629\" height=\"184\" srcset=\"https:\/\/kontinuerligsikringssystem.com\/wp-content\/uploads\/2016\/08\/Kanopeo-continuous-belay-system-saferoller-en-1.jpg 1024w, https:\/\/kontinuerligsikringssystem.com\/wp-content\/uploads\/2016\/08\/Kanopeo-continuous-belay-system-saferoller-en-1-300x88.jpg 300w, https:\/\/kontinuerligsikringssystem.com\/wp-content\/uploads\/2016\/08\/Kanopeo-continuous-belay-system-saferoller-en-1-768x225.jpg 768w\" sizes=\"auto, (max-width: 629px) 100vw, 629px\" \/><\/a><\/p>\n<p>Saferoller\u00ae er et rull-p\u00e5 \/ rull-av kontinuerlig sikringssystem med integrert l\u00f8pekatt, av sveitsisk design. Saferoller\u00ae sikrer mot fall mens vi fryder oss med utend\u00f8rsaktiviteter som h\u00f8ydebaner og opplevelsesparker, hinderl\u00f8yper, lekeplasser, trekkingl\u00f8yper, taubaner og mange andre aktiviteter for barn og voksne.<\/p>\n<p>Saferoller\u00ae er lett \u00e5 installere og krever minimalt med personale til veiledning og parkoppsyn.<\/p>\n<p>SPEEDRUNNER\u00ae\u00a0FEST OG KJ\u00d8R \/\/ KONTINUERLIG SIKRINGSSYSTEM (CBS)<\/p>\n<p><a href=\"https:\/\/kontinuerligsikringssystem.com\/index.php\/speedrunner-hook-and-go-jatkuva-varmistusjarjestelma\/\"><img loading=\"lazy\" decoding=\"async\" class=\"alignnone wp-image-80 size-large\" src=\"https:\/\/kontinuerligsikringssystem.com\/wp-content\/uploads\/2016\/08\/Kanopeo-continuous-belay-system-speedrunner-en-1-1024x300.jpg\" alt=\"kanopeo-continuous-belay-system-speedrunner-en\" width=\"629\" height=\"184\" srcset=\"https:\/\/kontinuerligsikringssystem.com\/wp-content\/uploads\/2016\/08\/Kanopeo-continuous-belay-system-speedrunner-en-1.jpg 1024w, https:\/\/kontinuerligsikringssystem.com\/wp-content\/uploads\/2016\/08\/Kanopeo-continuous-belay-system-speedrunner-en-1-300x88.jpg 300w, https:\/\/kontinuerligsikringssystem.com\/wp-content\/uploads\/2016\/08\/Kanopeo-continuous-belay-system-speedrunner-en-1-768x225.jpg 768w\" sizes=\"auto, (max-width: 629px) 100vw, 629px\" \/><\/a><\/p>\n<p>Siden 2013 har Kanopeo GmbH utviklet det kontinuerlige sikringssystemet Speedrunner\u00ae. Designet baserer seg p\u00e5 en karabinkrok. N\u00e5r du f\u00f8rst er tilkoblet livlinen med kroken er du sikret kontinuerlig gjennom hele l\u00f8ypa. Kroken glir lett p\u00e5 livlinen og f\u00f8lger deg hvor du enn g\u00e5r.<\/p>\n<p>Den er lett \u00e5 sette p\u00e5 og kan ogs\u00e5 enkelt fjernes av parkpersonalet om n\u00f8dvendig.<\/p>\n<p>Delene er produsert ut fra de strengeste kvalitetskrav p\u00e5 markedet, noe som sikrer maksimal varighet og garanterer lang levetid.<\/p>\n<p><a href=\"https:\/\/www.kanopeo.com\/en\/continuous-belay-system\/saferoller\/products\/1-trolley.php\"><img loading=\"lazy\" decoding=\"async\" class=\"alignnone wp-image-86 size-medium\" src=\"https:\/\/kontinuerligsikringssystem.com\/wp-content\/uploads\/2016\/09\/Kanopeo-continuous-belay-system-saferoller-integrated-trolley-2teaser-en-300x242.jpg\" alt=\"kanopeo-continuous-belay-system-saferoller-integrated-trolley-2teaser-en\" width=\"300\" height=\"242\" srcset=\"https:\/\/kontinuerligsikringssystem.com\/wp-content\/uploads\/2016\/09\/Kanopeo-continuous-belay-system-saferoller-integrated-trolley-2teaser-en-300x242.jpg 300w, https:\/\/kontinuerligsikringssystem.com\/wp-content\/uploads\/2016\/09\/Kanopeo-continuous-belay-system-saferoller-integrated-trolley-2teaser-en.jpg 347w\" sizes=\"auto, (max-width: 300px) 100vw, 300px\" \/><\/a>\u00a0 \u00a0\u00a0<a href=\"https:\/\/www.kanopeo.com\/en\/continuous-belay-system\/speedrunner\/products\/1-kanhook.php\"><img loading=\"lazy\" decoding=\"async\" class=\"alignnone wp-image-85 size-medium\" src=\"https:\/\/kontinuerligsikringssystem.com\/wp-content\/uploads\/2016\/09\/Kanopeo-continuous-belay-system-speedrunner-kanhook-2teaser-en-300x242.jpg\" alt=\"kanopeo-continuous-belay-system-speedrunner-kanhook-2teaser-en\" width=\"300\" height=\"242\" srcset=\"https:\/\/kontinuerligsikringssystem.com\/wp-content\/uploads\/2016\/09\/Kanopeo-continuous-belay-system-speedrunner-kanhook-2teaser-en-300x242.jpg 300w, https:\/\/kontinuerligsikringssystem.com\/wp-content\/uploads\/2016\/09\/Kanopeo-continuous-belay-system-speedrunner-kanhook-2teaser-en.jpg 347w\" sizes=\"auto, (max-width: 300px) 100vw, 300px\" \/><\/a><\/p>\n","protected":false},"excerpt":{"rendered":"<p>Kontinuerlige sikringssystemer for opplevelsesparker, taubaner og h\u00f8ydel\u00f8yper DU ER I FARTA MED SAFEROLLER\u00ae\u00a0\/\/ KONTINUERLIG SIKRINGSSYSTEM (CBS) Saferoller\u00ae er et rull-p\u00e5 \/ rull-av kontinuerlig sikringssystem med integrert l\u00f8pekatt, av sveitsisk design. Saferoller\u00ae sikrer mot fall mens vi fryder oss med utend\u00f8rsaktiviteter som h\u00f8ydebaner og opplevelsesparker, hinderl\u00f8yper, lekeplasser, trekkingl\u00f8yper, taubaner og mange andre aktiviteter for barn og [&hellip;]<\/p>\n","protected":false},"author":1,"featured_media":95,"parent":0,"menu_order":0,"comment_status":"closed","ping_status":"open","template":"","meta":{"footnotes":""},"class_list":["post-5","page","type-page","status-publish","has-post-thumbnail","hentry"],"_links":{"self":[{"href":"https:\/\/kontinuerligsikringssystem.com\/index.php\/wp-json\/wp\/v2\/pages\/5","targetHints":{"allow":["GET"]}}],"collection":[{"href":"https:\/\/kontinuerligsikringssystem.com\/index.php\/wp-json\/wp\/v2\/pages"}],"about":[{"href":"https:\/\/kontinuerligsikringssystem.com\/index.php\/wp-json\/wp\/v2\/types\/page"}],"author":[{"embeddable":true,"href":"https:\/\/kontinuerligsikringssystem.com\/index.php\/wp-json\/wp\/v2\/users\/1"}],"replies":[{"embeddable":true,"href":"https:\/\/kontinuerligsikringssystem.com\/index.php\/wp-json\/wp\/v2\/comments?post=5"}],"version-history":[{"count":8,"href":"https:\/\/kontinuerligsikringssystem.com\/index.php\/wp-json\/wp\/v2\/pages\/5\/revisions"}],"predecessor-version":[{"id":245,"href":"https:\/\/kontinuerligsikringssystem.com\/index.php\/wp-json\/wp\/v2\/pages\/5\/revisions\/245"}],"wp:featuredmedia":[{"embeddable":true,"href":"https:\/\/kontinuerligsikringssystem.com\/index.php\/wp-json\/wp\/v2\/media\/95"}],"wp:attachment":[{"href":"https:\/\/kontinuerligsikringssystem.com\/index.php\/wp-json\/wp\/v2\/media?parent=5"}],"curies":[{"name":"wp","href":"https:\/\/api.w.org\/{rel}","templated":true}]}}