{"id":73,"date":"2016-09-01T10:22:55","date_gmt":"2016-09-01T10:22:55","guid":{"rendered":"http:\/\/jatkuvavarmenteinenturvasysteemi.fi\/?page_id=73"},"modified":"2019-05-02T15:22:59","modified_gmt":"2019-05-02T13:22:59","slug":"kanopeos-ekspertise","status":"publish","type":"page","link":"https:\/\/kontinuerligsikringssystem.com\/index.php\/kanopeos-ekspertise\/","title":{"rendered":"Ekspertise"},"content":{"rendered":"<h3>Kanopeo er ledende i utvikling og distribusjon av kontinuerlige sikringsl\u00f8sninger for transport av bes\u00f8kende i h\u00f8ydel\u00f8yper og opplevelsesparker.<\/h3>\n<p><strong>Expertise og Kunnskap<\/strong><\/p>\n<ul>\n<li>Betydelig erfaring som opplevelsespark operat\u00f8r. Vi forst\u00e5r viktigheten av sikkerhet.<\/li>\n<li>Parkbygging dekker alle parametere som p\u00e5virker utformingen av parken. Takket v\u00e6re v\u00e5r omfattende erfaring med planlegging, bygging og drift av h\u00f8ydel\u00f8yper og opplevelsesparker, kan vi tilby deg verdifull bistand i planleggingen og gjennomf\u00f8ringen av ditt parkprosjekt..<\/li>\n<li>\u00c5 velge et egnet sikringssystem har en positiv p\u00e5virkning b\u00e5de p\u00e5 gjestenes sikkerhet og p\u00e5 driftskostnadene.<\/li>\n<li>Vi har over 10 \u00e5rs erfaring som CBS produsent og utvikler av v\u00e5re sveitsiske kvalitetsprodukter. V\u00e5re to kontinuerlige sikringssystemer er holdbare og enkle p\u00e5 alle m\u00e5ter.<\/li>\n<\/ul>\n<div id=\"attachment_189\" style=\"width: 310px\" class=\"wp-caption aligncenter\"><img loading=\"lazy\" decoding=\"async\" aria-describedby=\"caption-attachment-189\" class=\"wp-image-189 size-medium\" src=\"https:\/\/kontinuerligsikringssystem.com\/wp-content\/uploads\/2016\/09\/1608_Kanopeo_P2_SR_1865_fin-300x200.jpg\" alt=\"\" width=\"300\" height=\"200\" srcset=\"https:\/\/kontinuerligsikringssystem.com\/wp-content\/uploads\/2016\/09\/1608_Kanopeo_P2_SR_1865_fin-300x200.jpg 300w, https:\/\/kontinuerligsikringssystem.com\/wp-content\/uploads\/2016\/09\/1608_Kanopeo_P2_SR_1865_fin-768x512.jpg 768w, https:\/\/kontinuerligsikringssystem.com\/wp-content\/uploads\/2016\/09\/1608_Kanopeo_P2_SR_1865_fin-1024x683.jpg 1024w, https:\/\/kontinuerligsikringssystem.com\/wp-content\/uploads\/2016\/09\/1608_Kanopeo_P2_SR_1865_fin-900x600.jpg 900w, https:\/\/kontinuerligsikringssystem.com\/wp-content\/uploads\/2016\/09\/1608_Kanopeo_P2_SR_1865_fin-1280x853.jpg 1280w\" sizes=\"auto, (max-width: 300px) 100vw, 300px\" \/><p id=\"caption-attachment-189\" class=\"wp-caption-text\">Frankreich Tour<\/p><\/div>\n<h4>Bedre Sikkerheten og kutt kostnader<\/h4>\n<p>Ved \u00e5 v\u00e6re obs p\u00e5 noen viktige detaljer, kan sikkerheten og kostnadene i en park som allerede er i drift lett optimaliseres.<\/p>\n<p><u><br \/>\n<\/u><strong>Maksimum sikkerhet<\/strong><\/p>\n<ul>\n<li>Kanopeo GmbH \u00f8nsker til enhver tid \u00e5 s\u00f8rge for at bes\u00f8kende i klatreparker og taul\u00f8yper er kontinuerlig og maksimalt sikret.<\/li>\n<li>For \u00e5 oppn\u00e5 dette er vi fortl\u00f8pende i kontakt med anerkjente <u>utbyggere<\/u> og eiere av <u>parkanlegg<\/u>.<\/li>\n<li>V\u00e5re kontinuerlige sikringsl\u00f8sninger er testet og sertifisert av den anerkjente sertifiseringsinstansen T\u00dcV S\u00fcd.<\/li>\n<\/ul>\n<p><strong>Enkelt vedlikehold<\/strong><\/p>\n<ul>\n<li>En enkel og forst\u00e5elig h\u00e5ndbok inneholder all informasjon som er n\u00f8dvendig for \u00e5 kunne utf\u00f8re riktig vedlikehold.<\/li>\n<li>Slitedeler er lette \u00e5 identifisere.<\/li>\n<\/ul>\n<p><strong>Lave driftskostnader<\/strong><\/p>\n<ul>\n<li>Det kontinuerlige sikringssystemet er knyttet til livlinen ved starten av l\u00f8ypa. Etterp\u00e5 kan ikke brukeren fjerne sikkerhetsanordningen.<\/li>\n<li>Kort oppl\u00e6ringstid<\/li>\n<li>Kortere ventetid for ankommende gjester<\/li>\n<li>Siden det blir mindre fysisk kontakt p\u00e5 plattformene blir behovet for overv\u00e5kning av disse redusert.<\/li>\n<li>Parkpersonalet trenger kun \u00e5 overv\u00e5ke enkelte strategiske punkter<\/li>\n<li>I visse perioder kan derfor personalkostnadene reduseres med inntil50 % sammenlignet med andre sikringssystemer.<\/li>\n<\/ul>\n<p><strong>Optimalisering av investeringskostnader<\/strong><\/p>\n<ul>\n<li>Du kan <u>optimalisere investeringskostnadene<\/u> og samtidig forbedre opplevelsen for gjestene ved \u00e5 v\u00e6re obs p\u00e5 enkelte viktige detaljer vedr\u00f8rende plassering av start- og sluttplattformer, svinger, klatring og utforl\u00f8p.<\/li>\n<\/ul>\n","protected":false},"excerpt":{"rendered":"<p>Kanopeo er ledende i utvikling og distribusjon av kontinuerlige sikringsl\u00f8sninger for transport av bes\u00f8kende i h\u00f8ydel\u00f8yper og opplevelsesparker. Expertise og Kunnskap Betydelig erfaring som opplevelsespark operat\u00f8r. Vi forst\u00e5r viktigheten av sikkerhet. Parkbygging dekker alle parametere som p\u00e5virker utformingen av parken. Takket v\u00e6re v\u00e5r omfattende erfaring med planlegging, bygging og drift av h\u00f8ydel\u00f8yper og opplevelsesparker, kan [&hellip;]<\/p>\n","protected":false},"author":1,"featured_media":91,"parent":0,"menu_order":0,"comment_status":"closed","ping_status":"closed","template":"","meta":{"footnotes":""},"class_list":["post-73","page","type-page","status-publish","has-post-thumbnail","hentry"],"_links":{"self":[{"href":"https:\/\/kontinuerligsikringssystem.com\/index.php\/wp-json\/wp\/v2\/pages\/73","targetHints":{"allow":["GET"]}}],"collection":[{"href":"https:\/\/kontinuerligsikringssystem.com\/index.php\/wp-json\/wp\/v2\/pages"}],"about":[{"href":"https:\/\/kontinuerligsikringssystem.com\/index.php\/wp-json\/wp\/v2\/types\/page"}],"author":[{"embeddable":true,"href":"https:\/\/kontinuerligsikringssystem.com\/index.php\/wp-json\/wp\/v2\/users\/1"}],"replies":[{"embeddable":true,"href":"https:\/\/kontinuerligsikringssystem.com\/index.php\/wp-json\/wp\/v2\/comments?post=73"}],"version-history":[{"count":10,"href":"https:\/\/kontinuerligsikringssystem.com\/index.php\/wp-json\/wp\/v2\/pages\/73\/revisions"}],"predecessor-version":[{"id":243,"href":"https:\/\/kontinuerligsikringssystem.com\/index.php\/wp-json\/wp\/v2\/pages\/73\/revisions\/243"}],"wp:featuredmedia":[{"embeddable":true,"href":"https:\/\/kontinuerligsikringssystem.com\/index.php\/wp-json\/wp\/v2\/media\/91"}],"wp:attachment":[{"href":"https:\/\/kontinuerligsikringssystem.com\/index.php\/wp-json\/wp\/v2\/media?parent=73"}],"curies":[{"name":"wp","href":"https:\/\/api.w.org\/{rel}","templated":true}]}}